{"id":169,"date":"2024-01-23T09:48:21","date_gmt":"2024-01-23T08:48:21","guid":{"rendered":"https:\/\/dachfensterinfo.de\/cms\/?page_id=169"},"modified":"2024-02-11T14:40:23","modified_gmt":"2024-02-11T13:40:23","slug":"welchen-u-wert-hat-mein-dachfenster","status":"publish","type":"page","link":"https:\/\/dachfensterinfo.de\/cms\/welchen-u-wert-hat-mein-dachfenster\/","title":{"rendered":"Welchen U-Wert hat mein Dachfenster?"},"content":{"rendered":"\n<p>Wir helfen wir den U-Wert deiner Dachfenster schnell und <a href=\"\/de\/typeplate\">einfach zu bestimmen<\/a>.<\/p>\n\n\n\n<figure class=\"wp-block-image size-full\"><img loading=\"lazy\" decoding=\"async\" width=\"1024\" height=\"1024\" src=\"https:\/\/dachfensterinfo.de\/cms\/wp-content\/uploads\/2024\/02\/waermebildaufnahme-haus-uwert-1.webp\" alt=\"W\u00e4rmebildaufnahme eines Hauses um die W\u00e4rmeverluste zu visualisieren. \" class=\"wp-image-291\" srcset=\"https:\/\/dachfensterinfo.de\/cms\/wp-content\/uploads\/2024\/02\/waermebildaufnahme-haus-uwert-1.webp 1024w, https:\/\/dachfensterinfo.de\/cms\/wp-content\/uploads\/2024\/02\/waermebildaufnahme-haus-uwert-1-300x300.webp 300w, https:\/\/dachfensterinfo.de\/cms\/wp-content\/uploads\/2024\/02\/waermebildaufnahme-haus-uwert-1-150x150.webp 150w, https:\/\/dachfensterinfo.de\/cms\/wp-content\/uploads\/2024\/02\/waermebildaufnahme-haus-uwert-1-768x768.webp 768w\" sizes=\"auto, (max-width: 1024px) 100vw, 1024px\" \/><\/figure>\n\n\n\n<h4 class=\"wp-block-heading\">Warum sollte ich meinen U-Wert meiner Dachfenster kennen?<\/h4>\n\n\n\n<p>Der <a href=\"https:\/\/dachfensterinfo.de\/cms\/die-bedeutung-des-u-werts-fuer-energieeffizienz-bei-fenstern-und-dachfenstern\/\">U-Wert<\/a> (<a href=\"https:\/\/de.wikipedia.org\/wiki\/W%C3%A4rmedurchgangskoeffizient\">W\u00e4rmedurchgangskoeffizient<\/a>) eines Fensters gibt an, wie gut ein Fenster isoliert und ist ein zentraler Faktor f\u00fcr die Energieeffizienz eines Geb\u00e4udes. Hier sind einige Gr\u00fcnde, warum es wichtig ist, den U-Wert Ihres Fensters zu kennen:<\/p>\n\n\n\n<ol class=\"wp-block-list\">\n<li><strong>Energieeffizienz<\/strong>: Je niedriger der U-Wert, desto besser isoliert das Fenster. Das bedeutet, dass weniger W\u00e4rme im Winter nach au\u00dfen und im Sommer nach innen gelangt. Dies kann zu einer erheblichen Reduzierung der Heiz- und K\u00fchlkosten f\u00fchren.<\/li>\n\n\n\n<li><strong>Komfort<\/strong>: Fenster mit niedrigem U-Wert helfen, eine konstantere Innentemperatur zu halten. Das bedeutet weniger kalte Zugluft im Winter und eine angenehmere K\u00fchle im Sommer. So steigert ein niedriger U-Wert den Wohnkomfort.<\/li>\n\n\n\n<li><strong><a href=\"https:\/\/dachfensterinfo.de\/cms\/kondensat-dachfenster\/\">Kondensationsvermeidung<\/a><\/strong>: Fenster mit einem niedrigen U-Wert reduzieren das Risiko von Kondensation an den Innenseiten der Fenster, weil die innere Glasoberfl\u00e4che w\u00e4rmer bleibt. Dies verhindert Schimmelbildung und Sch\u00e4den am Fensterrahmen oder der umgebenden Bausubstanz.<\/li>\n\n\n\n<li><strong>Umweltschutz<\/strong>: Durch die Verringerung des Energiebedarfs f\u00fcr Heizung und K\u00fchlung tragen Fenster mit niedrigem U-Wert zum Umweltschutz bei, indem sie den CO2-Aussto\u00df des Geb\u00e4udes reduzieren.<\/li>\n\n\n\n<li><strong>Wertsteigerung Ihrer Immobilie<\/strong>: Energieeffiziente Fenster k\u00f6nnen den Wert Ihrer Immobilie steigern, da sie ein wichtiges Kriterium f\u00fcr K\u00e4ufer und Mieter sind. Fenster mit einem guten U-Wert k\u00f6nnen somit eine lohnende Investition sein.<\/li>\n<\/ol>\n\n\n\n<div class=\"wp-block-group alignfull has-accent-3-background-color has-background is-vertical is-content-justification-center is-layout-flex wp-container-core-group-is-layout-660b6079 wp-block-group-is-layout-flex\" style=\"min-height:0vh;margin-top:var(--wp--preset--spacing--20);margin-bottom:var(--wp--preset--spacing--20);padding-top:var(--wp--preset--spacing--40);padding-right:0;padding-bottom:var(--wp--preset--spacing--40);padding-left:0\">\n<div class=\"wp-block-group has-global-padding is-layout-constrained wp-block-group-is-layout-constrained\">\n<h2 class=\"wp-block-heading has-text-align-center has-contrast-color has-text-color has-link-color has-x-large-font-size wp-elements-306e3b6dd0a8f9168a1ffd4ce511cfc7\" style=\"margin-top:var(--wp--preset--spacing--10);margin-right:0;margin-bottom:var(--wp--preset--spacing--10);margin-left:0;padding-right:0;padding-left:0\">Finde jetzt den U-Wert deines Dachfensters heraus<\/h2>\n\n\n\n<div class=\"wp-block-buttons is-content-justification-center is-layout-flex wp-container-core-buttons-is-layout-a89b3969 wp-block-buttons-is-layout-flex\">\n<div class=\"wp-block-button\"><a class=\"wp-block-button__link wp-element-button\" href=\"\/de\/typeplate\">Los geht&#8217;s<\/a><\/div>\n<\/div>\n<\/div>\n<\/div>\n\n\n\n<p>Zusammenfassend ist der U-Wert ein entscheidender Faktor f\u00fcr die Energieeffizienz, den Wohnkomfort und die Wirtschaftlichkeit eines Geb\u00e4udes. Daher ist es wichtig, diesen Wert zu kennen und bei der Auswahl neuer Fenster oder der Sanierung bestehender Fenster zu ber\u00fccksichtigen.<\/p>\n\n\n\n<p>Unser Dachfenster Check analysiert alle technischen Leistungswerte deines Fensters anhand des Typenschilds und gibt dir eine Orientierung was bei zu schlechten U-Werten zu tun ist.<\/p>\n\n\n\n<div class=\"wp-block-group alignwide has-base-2-background-color has-background has-global-padding is-layout-constrained wp-container-core-group-is-layout-39412042 wp-block-group-is-layout-constrained\" style=\"border-radius:16px;padding-top:var(--wp--preset--spacing--40);padding-right:var(--wp--preset--spacing--50);padding-bottom:var(--wp--preset--spacing--40);padding-left:var(--wp--preset--spacing--50)\">\n<div style=\"height:var(--wp--preset--spacing--10)\" aria-hidden=\"true\" class=\"wp-block-spacer\"><\/div>\n\n\n\n<h2 class=\"wp-block-heading has-text-align-center has-x-large-font-size\"> Sollte ich mein Dachfenster austauschen? Ist das \u00fcberhaupt notwendig?<\/h2>\n\n\n\n<p class=\"has-text-align-center\">Unser Dachfenster Check kann dir dabei helfen. Wir pr\u00fcfen die technischen Werte deines Fenster und geben dir eine Empfehlung ob ein Austausch oder einfach eine Wartung ratsam ist.<\/p>\n\n\n\n<div class=\"wp-block-buttons is-content-justification-center is-layout-flex wp-container-core-buttons-is-layout-a89b3969 wp-block-buttons-is-layout-flex\">\n<div class=\"wp-block-button\"><a class=\"wp-block-button__link wp-element-button\" href=\"\/de\/typeplate\">Zum Dachfenster Check<\/a><\/div>\n<\/div>\n\n\n\n<div style=\"height:var(--wp--preset--spacing--10)\" aria-hidden=\"true\" class=\"wp-block-spacer\"><\/div>\n<\/div>\n","protected":false},"excerpt":{"rendered":"<p>Wir helfen wir den U-Wert deiner Dachfenster schnell und einfach zu bestimmen. Warum sollte ich meinen U-Wert meiner Dachfenster kennen? Der U-Wert (W\u00e4rmedurchgangskoeffizient) eines Fensters gibt an, wie gut ein Fenster isoliert und ist ein zentraler Faktor f\u00fcr die Energieeffizienz eines Geb\u00e4udes. Hier sind einige Gr\u00fcnde, warum es wichtig ist, den U-Wert Ihres Fensters zu [&hellip;]<\/p>\n","protected":false},"author":1,"featured_media":0,"parent":0,"menu_order":0,"comment_status":"closed","ping_status":"closed","template":"","meta":{"footnotes":""},"class_list":["post-169","page","type-page","status-publish","hentry"],"yoast_head":"<!-- This site is optimized with the Yoast SEO plugin v27.4 - https:\/\/yoast.com\/product\/yoast-seo-wordpress\/ -->\n<title>Welchen U-Wert hat mein Dachfenster?<\/title>\n<meta name=\"description\" content=\"Bestimme einfach und schnell den U-Wert deiner Dachfenster. Stelle fest, ob dein Dachfenster zu viel Heizenergie aus dem Haus l\u00e4sst.\" \/>\n<meta name=\"robots\" content=\"index, follow, max-snippet:-1, max-image-preview:large, max-video-preview:-1\" \/>\n<link rel=\"canonical\" href=\"https:\/\/dachfensterinfo.de\/cms\/welchen-u-wert-hat-mein-dachfenster\/\" \/>\n<meta property=\"og:locale\" content=\"de_DE\" \/>\n<meta property=\"og:type\" content=\"article\" \/>\n<meta property=\"og:title\" content=\"Welchen U-Wert hat mein Dachfenster?\" \/>\n<meta property=\"og:description\" content=\"Bestimme einfach und schnell den U-Wert deiner Dachfenster. Stelle fest, ob dein Dachfenster zu viel Heizenergie aus dem Haus l\u00e4sst.\" \/>\n<meta property=\"og:url\" content=\"https:\/\/dachfensterinfo.de\/cms\/welchen-u-wert-hat-mein-dachfenster\/\" \/>\n<meta property=\"og:site_name\" content=\"dachfensterinfo.de\" \/>\n<meta property=\"article:publisher\" content=\"https:\/\/www.facebook.com\/dachfensterinfo\" \/>\n<meta property=\"article:modified_time\" content=\"2024-02-11T13:40:23+00:00\" \/>\n<meta property=\"og:image\" content=\"https:\/\/dachfensterinfo.de\/cms\/wp-content\/uploads\/2024\/02\/waermebildaufnahme-haus-uwert-1.webp\" \/>\n<meta name=\"twitter:card\" content=\"summary_large_image\" \/>\n<meta name=\"twitter:label1\" content=\"Gesch\u00e4tzte Lesezeit\" \/>\n\t<meta name=\"twitter:data1\" content=\"3\u00a0Minuten\" \/>\n<script type=\"application\/ld+json\" class=\"yoast-schema-graph\">{\"@context\":\"https:\\\/\\\/schema.org\",\"@graph\":[{\"@type\":\"WebPage\",\"@id\":\"https:\\\/\\\/dachfensterinfo.de\\\/cms\\\/welchen-u-wert-hat-mein-dachfenster\\\/\",\"url\":\"https:\\\/\\\/dachfensterinfo.de\\\/cms\\\/welchen-u-wert-hat-mein-dachfenster\\\/\",\"name\":\"Welchen U-Wert hat mein Dachfenster?\",\"isPartOf\":{\"@id\":\"https:\\\/\\\/dachfensterinfo.de\\\/cms\\\/#website\"},\"primaryImageOfPage\":{\"@id\":\"https:\\\/\\\/dachfensterinfo.de\\\/cms\\\/welchen-u-wert-hat-mein-dachfenster\\\/#primaryimage\"},\"image\":{\"@id\":\"https:\\\/\\\/dachfensterinfo.de\\\/cms\\\/welchen-u-wert-hat-mein-dachfenster\\\/#primaryimage\"},\"thumbnailUrl\":\"https:\\\/\\\/dachfensterinfo.de\\\/cms\\\/wp-content\\\/uploads\\\/2024\\\/02\\\/waermebildaufnahme-haus-uwert-1.webp\",\"datePublished\":\"2024-01-23T08:48:21+00:00\",\"dateModified\":\"2024-02-11T13:40:23+00:00\",\"description\":\"Bestimme einfach und schnell den U-Wert deiner Dachfenster. Stelle fest, ob dein Dachfenster zu viel Heizenergie aus dem Haus l\u00e4sst.\",\"breadcrumb\":{\"@id\":\"https:\\\/\\\/dachfensterinfo.de\\\/cms\\\/welchen-u-wert-hat-mein-dachfenster\\\/#breadcrumb\"},\"inLanguage\":\"de\",\"potentialAction\":[{\"@type\":\"ReadAction\",\"target\":[\"https:\\\/\\\/dachfensterinfo.de\\\/cms\\\/welchen-u-wert-hat-mein-dachfenster\\\/\"]}]},{\"@type\":\"ImageObject\",\"inLanguage\":\"de\",\"@id\":\"https:\\\/\\\/dachfensterinfo.de\\\/cms\\\/welchen-u-wert-hat-mein-dachfenster\\\/#primaryimage\",\"url\":\"https:\\\/\\\/dachfensterinfo.de\\\/cms\\\/wp-content\\\/uploads\\\/2024\\\/02\\\/waermebildaufnahme-haus-uwert-1.webp\",\"contentUrl\":\"https:\\\/\\\/dachfensterinfo.de\\\/cms\\\/wp-content\\\/uploads\\\/2024\\\/02\\\/waermebildaufnahme-haus-uwert-1.webp\",\"width\":1024,\"height\":1024,\"caption\":\"Der U-Wert zeigt Energieverluste der Geb\u00e4udeh\u00fclle aus.\"},{\"@type\":\"BreadcrumbList\",\"@id\":\"https:\\\/\\\/dachfensterinfo.de\\\/cms\\\/welchen-u-wert-hat-mein-dachfenster\\\/#breadcrumb\",\"itemListElement\":[{\"@type\":\"ListItem\",\"position\":1,\"name\":\"Startseite\",\"item\":\"https:\\\/\\\/dachfensterinfo.de\\\/cms\\\/\"},{\"@type\":\"ListItem\",\"position\":2,\"name\":\"Welchen U-Wert hat mein Dachfenster?\"}]},{\"@type\":\"WebSite\",\"@id\":\"https:\\\/\\\/dachfensterinfo.de\\\/cms\\\/#website\",\"url\":\"https:\\\/\\\/dachfensterinfo.de\\\/cms\\\/\",\"name\":\"dachfensterinfo.de\",\"description\":\"\",\"publisher\":{\"@id\":\"https:\\\/\\\/dachfensterinfo.de\\\/cms\\\/#organization\"},\"potentialAction\":[{\"@type\":\"SearchAction\",\"target\":{\"@type\":\"EntryPoint\",\"urlTemplate\":\"https:\\\/\\\/dachfensterinfo.de\\\/cms\\\/?s={search_term_string}\"},\"query-input\":{\"@type\":\"PropertyValueSpecification\",\"valueRequired\":true,\"valueName\":\"search_term_string\"}}],\"inLanguage\":\"de\"},{\"@type\":\"Organization\",\"@id\":\"https:\\\/\\\/dachfensterinfo.de\\\/cms\\\/#organization\",\"name\":\"dachfensterinfo.de\",\"url\":\"https:\\\/\\\/dachfensterinfo.de\\\/cms\\\/\",\"logo\":{\"@type\":\"ImageObject\",\"inLanguage\":\"de\",\"@id\":\"https:\\\/\\\/dachfensterinfo.de\\\/cms\\\/#\\\/schema\\\/logo\\\/image\\\/\",\"url\":\"https:\\\/\\\/dachfensterinfo.de\\\/cms\\\/wp-content\\\/uploads\\\/2024\\\/02\\\/Logo-1-e1708276715214.png\",\"contentUrl\":\"https:\\\/\\\/dachfensterinfo.de\\\/cms\\\/wp-content\\\/uploads\\\/2024\\\/02\\\/Logo-1-e1708276715214.png\",\"width\":300,\"height\":300,\"caption\":\"dachfensterinfo.de\"},\"image\":{\"@id\":\"https:\\\/\\\/dachfensterinfo.de\\\/cms\\\/#\\\/schema\\\/logo\\\/image\\\/\"},\"sameAs\":[\"https:\\\/\\\/www.facebook.com\\\/dachfensterinfo\",\"https:\\\/\\\/www.instagram.com\\\/dachfensterinfo\\\/\"]}]}<\/script>\n<!-- \/ Yoast SEO plugin. -->","yoast_head_json":{"title":"Welchen U-Wert hat mein Dachfenster?","description":"Bestimme einfach und schnell den U-Wert deiner Dachfenster. Stelle fest, ob dein Dachfenster zu viel Heizenergie aus dem Haus l\u00e4sst.","robots":{"index":"index","follow":"follow","max-snippet":"max-snippet:-1","max-image-preview":"max-image-preview:large","max-video-preview":"max-video-preview:-1"},"canonical":"https:\/\/dachfensterinfo.de\/cms\/welchen-u-wert-hat-mein-dachfenster\/","og_locale":"de_DE","og_type":"article","og_title":"Welchen U-Wert hat mein Dachfenster?","og_description":"Bestimme einfach und schnell den U-Wert deiner Dachfenster. Stelle fest, ob dein Dachfenster zu viel Heizenergie aus dem Haus l\u00e4sst.","og_url":"https:\/\/dachfensterinfo.de\/cms\/welchen-u-wert-hat-mein-dachfenster\/","og_site_name":"dachfensterinfo.de","article_publisher":"https:\/\/www.facebook.com\/dachfensterinfo","article_modified_time":"2024-02-11T13:40:23+00:00","og_image":[{"url":"https:\/\/dachfensterinfo.de\/cms\/wp-content\/uploads\/2024\/02\/waermebildaufnahme-haus-uwert-1.webp","type":"","width":"","height":""}],"twitter_card":"summary_large_image","twitter_misc":{"Gesch\u00e4tzte Lesezeit":"3\u00a0Minuten"},"schema":{"@context":"https:\/\/schema.org","@graph":[{"@type":"WebPage","@id":"https:\/\/dachfensterinfo.de\/cms\/welchen-u-wert-hat-mein-dachfenster\/","url":"https:\/\/dachfensterinfo.de\/cms\/welchen-u-wert-hat-mein-dachfenster\/","name":"Welchen U-Wert hat mein Dachfenster?","isPartOf":{"@id":"https:\/\/dachfensterinfo.de\/cms\/#website"},"primaryImageOfPage":{"@id":"https:\/\/dachfensterinfo.de\/cms\/welchen-u-wert-hat-mein-dachfenster\/#primaryimage"},"image":{"@id":"https:\/\/dachfensterinfo.de\/cms\/welchen-u-wert-hat-mein-dachfenster\/#primaryimage"},"thumbnailUrl":"https:\/\/dachfensterinfo.de\/cms\/wp-content\/uploads\/2024\/02\/waermebildaufnahme-haus-uwert-1.webp","datePublished":"2024-01-23T08:48:21+00:00","dateModified":"2024-02-11T13:40:23+00:00","description":"Bestimme einfach und schnell den U-Wert deiner Dachfenster. Stelle fest, ob dein Dachfenster zu viel Heizenergie aus dem Haus l\u00e4sst.","breadcrumb":{"@id":"https:\/\/dachfensterinfo.de\/cms\/welchen-u-wert-hat-mein-dachfenster\/#breadcrumb"},"inLanguage":"de","potentialAction":[{"@type":"ReadAction","target":["https:\/\/dachfensterinfo.de\/cms\/welchen-u-wert-hat-mein-dachfenster\/"]}]},{"@type":"ImageObject","inLanguage":"de","@id":"https:\/\/dachfensterinfo.de\/cms\/welchen-u-wert-hat-mein-dachfenster\/#primaryimage","url":"https:\/\/dachfensterinfo.de\/cms\/wp-content\/uploads\/2024\/02\/waermebildaufnahme-haus-uwert-1.webp","contentUrl":"https:\/\/dachfensterinfo.de\/cms\/wp-content\/uploads\/2024\/02\/waermebildaufnahme-haus-uwert-1.webp","width":1024,"height":1024,"caption":"Der U-Wert zeigt Energieverluste der Geb\u00e4udeh\u00fclle aus."},{"@type":"BreadcrumbList","@id":"https:\/\/dachfensterinfo.de\/cms\/welchen-u-wert-hat-mein-dachfenster\/#breadcrumb","itemListElement":[{"@type":"ListItem","position":1,"name":"Startseite","item":"https:\/\/dachfensterinfo.de\/cms\/"},{"@type":"ListItem","position":2,"name":"Welchen U-Wert hat mein Dachfenster?"}]},{"@type":"WebSite","@id":"https:\/\/dachfensterinfo.de\/cms\/#website","url":"https:\/\/dachfensterinfo.de\/cms\/","name":"dachfensterinfo.de","description":"","publisher":{"@id":"https:\/\/dachfensterinfo.de\/cms\/#organization"},"potentialAction":[{"@type":"SearchAction","target":{"@type":"EntryPoint","urlTemplate":"https:\/\/dachfensterinfo.de\/cms\/?s={search_term_string}"},"query-input":{"@type":"PropertyValueSpecification","valueRequired":true,"valueName":"search_term_string"}}],"inLanguage":"de"},{"@type":"Organization","@id":"https:\/\/dachfensterinfo.de\/cms\/#organization","name":"dachfensterinfo.de","url":"https:\/\/dachfensterinfo.de\/cms\/","logo":{"@type":"ImageObject","inLanguage":"de","@id":"https:\/\/dachfensterinfo.de\/cms\/#\/schema\/logo\/image\/","url":"https:\/\/dachfensterinfo.de\/cms\/wp-content\/uploads\/2024\/02\/Logo-1-e1708276715214.png","contentUrl":"https:\/\/dachfensterinfo.de\/cms\/wp-content\/uploads\/2024\/02\/Logo-1-e1708276715214.png","width":300,"height":300,"caption":"dachfensterinfo.de"},"image":{"@id":"https:\/\/dachfensterinfo.de\/cms\/#\/schema\/logo\/image\/"},"sameAs":["https:\/\/www.facebook.com\/dachfensterinfo","https:\/\/www.instagram.com\/dachfensterinfo\/"]}]}},"_links":{"self":[{"href":"https:\/\/dachfensterinfo.de\/cms\/wp-json\/wp\/v2\/pages\/169","targetHints":{"allow":["GET"]}}],"collection":[{"href":"https:\/\/dachfensterinfo.de\/cms\/wp-json\/wp\/v2\/pages"}],"about":[{"href":"https:\/\/dachfensterinfo.de\/cms\/wp-json\/wp\/v2\/types\/page"}],"author":[{"embeddable":true,"href":"https:\/\/dachfensterinfo.de\/cms\/wp-json\/wp\/v2\/users\/1"}],"replies":[{"embeddable":true,"href":"https:\/\/dachfensterinfo.de\/cms\/wp-json\/wp\/v2\/comments?post=169"}],"version-history":[{"count":28,"href":"https:\/\/dachfensterinfo.de\/cms\/wp-json\/wp\/v2\/pages\/169\/revisions"}],"predecessor-version":[{"id":293,"href":"https:\/\/dachfensterinfo.de\/cms\/wp-json\/wp\/v2\/pages\/169\/revisions\/293"}],"wp:attachment":[{"href":"https:\/\/dachfensterinfo.de\/cms\/wp-json\/wp\/v2\/media?parent=169"}],"curies":[{"name":"wp","href":"https:\/\/api.w.org\/{rel}","templated":true}]}}